{"id":14,"date":"2020-03-10T10:43:21","date_gmt":"2020-03-10T10:43:21","guid":{"rendered":"http:\/\/wordpress.junia-swan.at\/?page_id=14"},"modified":"2023-06-15T12:58:37","modified_gmt":"2023-06-15T12:58:37","slug":"ueber-uns","status":"publish","type":"page","link":"https:\/\/www.junia-swan.at\/?page_id=14","title":{"rendered":"\u00dcber mich"},"content":{"rendered":"\n<p>Ich lasse mich gerne \u00fcberraschen, meide in meinem Leben alt eingefahrene Wege, finde \u00fcberstrapazierte Klischees langweilig und liebe es, zwischen den Zeilen zu lesen. F\u00fcr mich bedeutet Liebe kein fl\u00fcchtiges Gef\u00fchl sondern eine alles ver\u00e4ndernde Kraft, deswegen habe ich keine Angst davor, mich jeglichen Facetten des Menschseins zu stellen. Ich bin der festen \u00dcberzeugung, dass diese Welt starke Charaktere mit Prinzipien und Ehrgef\u00fchl als Vorbilder ben\u00f6tigt und Kulissen dazu da sind, um dahinter zu schauen. Da ich fest daran glaube, dass eines Tages alles gut werden kann, ist ein Happy End f\u00fcr mich obligat.<\/p>\n\n\n\n<p>Gemeinsam mit meiner Familie lebe ich, eine geb\u00fcrtige Salzburgerin, ein Leben abseits der Norm, das mich bis nach Bolivien gef\u00fchrt hat. Ich \u00f6ffne mein Haus nicht nur f\u00fcr Menschen sondern auch f\u00fcr Tiere und bin innerhalb k\u00fcrzester Zeit die Besitzerin eines Hunderudels geworden, deren Mitglieder meine Familie und ich von der Stra\u00dfe gerettet haben.<br>Erfahrungen aus meinem abwechslungsreichen Alltag, als Ehefrau und Mutter von drei Kindern, flie\u00dfen stets in meine B\u00fccher mit ein, von denen ich mittlerweile mehr als drei\u00dfig geschrieben habe. Obwohl zwei meiner B\u00fccher bei Verlagen erschienen sind, sehe ich mich doch als Selfpublisherin mit Leib und Seele. In jedem meiner B\u00fccher steckt viel Herzblut und ich liebe es, dies in unz\u00e4hligen kleinen Details zu zeigen.<br><\/p>\n\n\n\n<p>Um den Lesern noch mehr Lesegenuss zu bereiten, habe ich &#8222;Lesen mit allen Sinnen&#8220; erfunden, welches das erste Mal in meinem Roman &#8222;Dante und der Ruf der Nachtigall&#8220; eingesetzt wurde.<br><\/p>\n\n\n\n<p>\u00dcber mehrere Monate hinweg war ich <strong>Amazon-Bestsellerautorin<\/strong> und z\u00e4hlte zu der Riege der <strong>All-Star-Autoren<\/strong>. Mein Buch &#8222;Die venezianische Schwester&#8220;, erschienen bei dp, wurde 2022 f\u00fcr den <strong>Lovelybooks Leserpreis <\/strong>nominiert.<\/p>\n\n\n\n<p>Am meisten adelt mich jedoch das Feeback meiner Leser, die auch hier zu Wort kommen sollen:<br>\u00dcber <strong><em>&#8222;Das Lied der Engel&#8220;<\/em><\/strong>:<br>&#8222;Das hier ist kein seichter T\u00fcmpel, sondern ein tiefes Meer! Eine Leseempfehlung an alle, die tiefgr\u00fcndige Liebesromane m\u00f6gen.&#8220;<br> &#8222;Ein Buch, das einem den Atem raubt und einen sprachlos zur\u00fcckl\u00e4sst. Um das zu verstehen, muss man es selbst gelesen haben! [\u2026] Der fesselnde Schreibstil l\u00e4sst die extrem hohe Seitenzahl dahinfliegen und erzeugt nebenbei einen Film vor Augen, wovon viele Autoren nur tr\u00e4umen k\u00f6nnen. F\u00fcr mich ist es mit Abstand das beste Buch, was ich in den letzten Jahren gelesen habe.&#8220;<br>\u00dcber <strong><em>&#8222;Die venezianische Schwester&#8220;<\/em><\/strong>:<br>&#8222;Viele ihrer Romane bilden fast schon eine eigene Kategorie \u2013 Liebesroman, historischer Roman, Krimi \u2013 alles miteinander verwoben.&#8220;<br>\u00dcber <strong><em>&#8222;Mona Lisas Traum&#8220;<\/em><\/strong>: &#8222;Wie alle B\u00fccher von Junia Swan ist auch dieser Roman spanned, mit interessanten Charakteren, liebevoll, tiefgr\u00fcndig und geistreich geschrieben.&#8220;<\/p>\n\n\n\n<p>Ich freue mich darauf, mit Ihnen auf die Reise zu gehen!<\/p>\n\n\n\n<p>Ihre&nbsp;<\/p>\n\n\n\n<div class=\"wp-block-image\"><figure class=\"alignleft size-large is-resized\"><img loading=\"lazy\" decoding=\"async\" src=\"https:\/\/www.junia-swan.at\/wp-content\/uploads\/2020\/03\/Black-Circle-with-Utensils-Restaurant-Logo2-1024x1024.png\" alt=\"\" class=\"wp-image-162\" width=\"238\" height=\"238\" srcset=\"https:\/\/www.junia-swan.at\/wp-content\/uploads\/2020\/03\/Black-Circle-with-Utensils-Restaurant-Logo2-1024x1024.png 1024w, https:\/\/www.junia-swan.at\/wp-content\/uploads\/2020\/03\/Black-Circle-with-Utensils-Restaurant-Logo2-300x300.png 300w, https:\/\/www.junia-swan.at\/wp-content\/uploads\/2020\/03\/Black-Circle-with-Utensils-Restaurant-Logo2-150x150.png 150w, https:\/\/www.junia-swan.at\/wp-content\/uploads\/2020\/03\/Black-Circle-with-Utensils-Restaurant-Logo2-768x768.png 768w, https:\/\/www.junia-swan.at\/wp-content\/uploads\/2020\/03\/Black-Circle-with-Utensils-Restaurant-Logo2-60x60.png 60w, https:\/\/www.junia-swan.at\/wp-content\/uploads\/2020\/03\/Black-Circle-with-Utensils-Restaurant-Logo2.png 1500w\" sizes=\"auto, (max-width: 238px) 100vw, 238px\" \/><\/figure><\/div>\n\n\n\n<div style=\"height:100px\" aria-hidden=\"true\" class=\"wp-block-spacer\"><\/div>\n\n\n\n<h4 class=\"wp-block-heading\">Ihr findet mich auch auf:<\/h4>\n\n\n\n<p><\/p>\n\n\n\n<figure class=\"wp-block-image size-medium\"><a href=\"https:\/\/www.youtube.com\/@juniaswan1379\" target=\"_blank\" rel=\"noreferrer noopener\"><img loading=\"lazy\" decoding=\"async\" width=\"300\" height=\"110\" src=\"https:\/\/www.junia-swan.at\/wp-content\/uploads\/2023\/02\/youtube-logo-png-transparent-background-download-3-300x110.png\" alt=\"\" class=\"wp-image-1623\" srcset=\"https:\/\/www.junia-swan.at\/wp-content\/uploads\/2023\/02\/youtube-logo-png-transparent-background-download-3-300x110.png 300w, https:\/\/www.junia-swan.at\/wp-content\/uploads\/2023\/02\/youtube-logo-png-transparent-background-download-3-1024x374.png 1024w, https:\/\/www.junia-swan.at\/wp-content\/uploads\/2023\/02\/youtube-logo-png-transparent-background-download-3-768x280.png 768w, https:\/\/www.junia-swan.at\/wp-content\/uploads\/2023\/02\/youtube-logo-png-transparent-background-download-3-1536x561.png 1536w, https:\/\/www.junia-swan.at\/wp-content\/uploads\/2023\/02\/youtube-logo-png-transparent-background-download-3-2048x748.png 2048w, https:\/\/www.junia-swan.at\/wp-content\/uploads\/2023\/02\/youtube-logo-png-transparent-background-download-3-164x60.png 164w\" sizes=\"auto, (max-width: 300px) 100vw, 300px\" \/><\/a><\/figure>\n\n\n\n<figure class=\"wp-block-image size-thumbnail\"><a href=\"https:\/\/t.me\/JuniaSwan\" target=\"_blank\" rel=\"noreferrer noopener\"><img loading=\"lazy\" decoding=\"async\" width=\"150\" height=\"150\" src=\"https:\/\/www.junia-swan.at\/wp-content\/uploads\/2023\/02\/Logo-150x150.png\" alt=\"\" class=\"wp-image-1625\" srcset=\"https:\/\/www.junia-swan.at\/wp-content\/uploads\/2023\/02\/Logo-150x150.png 150w, https:\/\/www.junia-swan.at\/wp-content\/uploads\/2023\/02\/Logo-300x300.png 300w, https:\/\/www.junia-swan.at\/wp-content\/uploads\/2023\/02\/Logo-768x768.png 768w, https:\/\/www.junia-swan.at\/wp-content\/uploads\/2023\/02\/Logo-60x60.png 60w, https:\/\/www.junia-swan.at\/wp-content\/uploads\/2023\/02\/Logo.png 1000w\" sizes=\"auto, (max-width: 150px) 100vw, 150px\" \/><\/a><\/figure>\n\n\n\n<figure class=\"wp-block-image size-thumbnail\"><a href=\"https:\/\/www.instagram.com\/juniaswan\/\" target=\"_blank\" rel=\"noreferrer noopener\"><img loading=\"lazy\" decoding=\"async\" width=\"150\" height=\"150\" src=\"https:\/\/www.junia-swan.at\/wp-content\/uploads\/2023\/02\/Instagram-Logo-150x150.png\" alt=\"\" class=\"wp-image-1626\" srcset=\"https:\/\/www.junia-swan.at\/wp-content\/uploads\/2023\/02\/Instagram-Logo-150x150.png 150w, https:\/\/www.junia-swan.at\/wp-content\/uploads\/2023\/02\/Instagram-Logo-300x300.png 300w, https:\/\/www.junia-swan.at\/wp-content\/uploads\/2023\/02\/Instagram-Logo-768x768.png 768w, https:\/\/www.junia-swan.at\/wp-content\/uploads\/2023\/02\/Instagram-Logo-60x60.png 60w, https:\/\/www.junia-swan.at\/wp-content\/uploads\/2023\/02\/Instagram-Logo.png 920w\" sizes=\"auto, (max-width: 150px) 100vw, 150px\" \/><\/a><\/figure>\n\n\n\n<figure class=\"wp-block-image size-thumbnail\"><a href=\"https:\/\/www.facebook.com\/LiebeGeschichten\/\" target=\"_blank\" rel=\"noreferrer noopener\"><img loading=\"lazy\" decoding=\"async\" width=\"150\" height=\"150\" src=\"https:\/\/www.junia-swan.at\/wp-content\/uploads\/2023\/02\/Facebook-Logo-150x150.png\" alt=\"\" class=\"wp-image-1627\"\/><\/a><\/figure>\n\n\n\n<figure class=\"wp-block-image size-medium\"><a href=\"https:\/\/www.lovelybooks.de\/autor\/Junia-Swan\/\" target=\"_blank\" rel=\"noreferrer noopener\"><img loading=\"lazy\" decoding=\"async\" width=\"300\" height=\"97\" src=\"https:\/\/www.junia-swan.at\/wp-content\/uploads\/2023\/02\/Lovelybooks-Logo-300x97.png\" alt=\"\" class=\"wp-image-1628\" srcset=\"https:\/\/www.junia-swan.at\/wp-content\/uploads\/2023\/02\/Lovelybooks-Logo-300x97.png 300w, https:\/\/www.junia-swan.at\/wp-content\/uploads\/2023\/02\/Lovelybooks-Logo-768x249.png 768w, https:\/\/www.junia-swan.at\/wp-content\/uploads\/2023\/02\/Lovelybooks-Logo-185x60.png 185w, https:\/\/www.junia-swan.at\/wp-content\/uploads\/2023\/02\/Lovelybooks-Logo.png 950w\" sizes=\"auto, (max-width: 300px) 100vw, 300px\" \/><\/a><\/figure>\n\n\n\n<figure class=\"wp-block-image size-medium\"><a href=\"https:\/\/www.goodreads.com\/author\/show\/17378549.Junia_Swan\" target=\"_blank\" rel=\"noreferrer noopener\"><img loading=\"lazy\" decoding=\"async\" width=\"300\" height=\"65\" src=\"https:\/\/www.junia-swan.at\/wp-content\/uploads\/2023\/02\/Goodreadslogo-300x65.png\" alt=\"\" class=\"wp-image-1629\" srcset=\"https:\/\/www.junia-swan.at\/wp-content\/uploads\/2023\/02\/Goodreadslogo-300x65.png 300w, https:\/\/www.junia-swan.at\/wp-content\/uploads\/2023\/02\/Goodreadslogo-1024x221.png 1024w, https:\/\/www.junia-swan.at\/wp-content\/uploads\/2023\/02\/Goodreadslogo-768x166.png 768w, https:\/\/www.junia-swan.at\/wp-content\/uploads\/2023\/02\/Goodreadslogo-1536x332.png 1536w, https:\/\/www.junia-swan.at\/wp-content\/uploads\/2023\/02\/Goodreadslogo-2048x442.png 2048w, https:\/\/www.junia-swan.at\/wp-content\/uploads\/2023\/02\/Goodreadslogo-278x60.png 278w\" sizes=\"auto, (max-width: 300px) 100vw, 300px\" \/><\/a><\/figure>\n\n\n\n<figure class=\"wp-block-image size-thumbnail\"><a href=\"https:\/\/www.pinterest.de\/juniaswan\/\" target=\"_blank\" rel=\"noreferrer noopener\"><img loading=\"lazy\" decoding=\"async\" width=\"150\" height=\"150\" src=\"https:\/\/www.junia-swan.at\/wp-content\/uploads\/2023\/02\/Pinterest-Logo-150x150.png\" alt=\"\" class=\"wp-image-1630\" srcset=\"https:\/\/www.junia-swan.at\/wp-content\/uploads\/2023\/02\/Pinterest-Logo-150x150.png 150w, https:\/\/www.junia-swan.at\/wp-content\/uploads\/2023\/02\/Pinterest-Logo-300x300.png 300w, https:\/\/www.junia-swan.at\/wp-content\/uploads\/2023\/02\/Pinterest-Logo-1024x1024.png 1024w, https:\/\/www.junia-swan.at\/wp-content\/uploads\/2023\/02\/Pinterest-Logo-768x768.png 768w, https:\/\/www.junia-swan.at\/wp-content\/uploads\/2023\/02\/Pinterest-Logo-1536x1536.png 1536w, https:\/\/www.junia-swan.at\/wp-content\/uploads\/2023\/02\/Pinterest-Logo.png 2048w, https:\/\/www.junia-swan.at\/wp-content\/uploads\/2023\/02\/Pinterest-Logo-60x60.png 60w\" sizes=\"auto, (max-width: 150px) 100vw, 150px\" \/><\/a><\/figure>\n","protected":false},"excerpt":{"rendered":"<p>Ich lasse mich gerne \u00fcberraschen, meide in meinem Leben alt eingefahrene Wege, finde \u00fcberstrapazierte Klischees langweilig und liebe es, zwischen den Zeilen zu lesen. F\u00fcr mich bedeutet Liebe kein fl\u00fcchtiges Gef\u00fchl sondern eine alles ver\u00e4ndernde Kraft, deswegen habe ich keine Angst davor, mich jeglichen Facetten des Menschseins zu stellen. Ich bin der festen \u00dcberzeugung, dass &hellip; <\/p>\n","protected":false},"author":1,"featured_media":161,"parent":0,"menu_order":0,"comment_status":"closed","ping_status":"closed","template":"","meta":{"footnotes":""},"class_list":["post-14","page","type-page","status-publish","has-post-thumbnail","hentry","latest_post"],"_links":{"self":[{"href":"https:\/\/www.junia-swan.at\/index.php?rest_route=\/wp\/v2\/pages\/14","targetHints":{"allow":["GET"]}}],"collection":[{"href":"https:\/\/www.junia-swan.at\/index.php?rest_route=\/wp\/v2\/pages"}],"about":[{"href":"https:\/\/www.junia-swan.at\/index.php?rest_route=\/wp\/v2\/types\/page"}],"author":[{"embeddable":true,"href":"https:\/\/www.junia-swan.at\/index.php?rest_route=\/wp\/v2\/users\/1"}],"replies":[{"embeddable":true,"href":"https:\/\/www.junia-swan.at\/index.php?rest_route=%2Fwp%2Fv2%2Fcomments&post=14"}],"version-history":[{"count":11,"href":"https:\/\/www.junia-swan.at\/index.php?rest_route=\/wp\/v2\/pages\/14\/revisions"}],"predecessor-version":[{"id":1666,"href":"https:\/\/www.junia-swan.at\/index.php?rest_route=\/wp\/v2\/pages\/14\/revisions\/1666"}],"wp:featuredmedia":[{"embeddable":true,"href":"https:\/\/www.junia-swan.at\/index.php?rest_route=\/wp\/v2\/media\/161"}],"wp:attachment":[{"href":"https:\/\/www.junia-swan.at\/index.php?rest_route=%2Fwp%2Fv2%2Fmedia&parent=14"}],"curies":[{"name":"wp","href":"https:\/\/api.w.org\/{rel}","templated":true}]}}