{"id":2,"date":"2020-03-10T10:14:39","date_gmt":"2020-03-10T10:14:39","guid":{"rendered":"http:\/\/wordpress.junia-swan.at\/?page_id=2"},"modified":"2021-04-28T18:57:07","modified_gmt":"2021-04-28T18:57:07","slug":"sample-page","status":"publish","type":"page","link":"https:\/\/www.junia-swan.at\/?page_id=2","title":{"rendered":"Buchteaser"},"content":{"rendered":"\n<figure class=\"wp-block-embed-youtube wp-block-embed is-type-video is-provider-youtube wp-embed-aspect-16-9 wp-has-aspect-ratio\"><div class=\"wp-block-embed__wrapper\">\n<iframe loading=\"lazy\" title=\"Trailer &quot; Das Lied der Engel&quot;\" width=\"790\" height=\"444\" src=\"https:\/\/www.youtube.com\/embed\/T-1hBydJ--4?feature=oembed\" frameborder=\"0\" allow=\"accelerometer; autoplay; clipboard-write; encrypted-media; gyroscope; picture-in-picture\" allowfullscreen><\/iframe>\n<\/div><\/figure>\n\n\n\n<figure class=\"wp-block-video\"><video height=\"1080\" style=\"aspect-ratio: 1920 \/ 1080;\" width=\"1920\" autoplay controls loop muted src=\"https:\/\/www.junia-swan.at\/wp-content\/uploads\/2020\/08\/Teaser-Die-venezianische-Schwester.mp4\"><\/video><\/figure>\n\n\n\n<figure class=\"wp-block-embed-facebook wp-block-embed is-type-video is-provider-facebook\"><div class=\"wp-block-embed__wrapper\">\n<div id=\"fb-root\"><\/div><script async=\"1\" defer=\"1\" crossorigin=\"anonymous\" src=\"https:\/\/connect.facebook.net\/de_DE\/sdk.js#xfbml=1&amp;version=v7.0\" nonce=\"pMSCtyen\"><\/script><div class=\"fb-video\" data-href=\"https:\/\/www.facebook.com\/LiebeGeschichten\/videos\/308152333883268\/?eid=ARDTxVRB1Tygm28VZratKiVsvAhxhEz-DolQhx2rAofQSH89ouDf9dCW8Ar_SP9M14pB6p8-7SdMPA16\" data-width=\"790\"><blockquote cite=\"https:\/\/www.facebook.com\/LiebeGeschichten\/videos\/308152333883268\/\" class=\"fb-xfbml-parse-ignore\"><a href=\"https:\/\/www.facebook.com\/LiebeGeschichten\/videos\/308152333883268\/\"><\/a><p>Kommt im Oktober 2020: Ein unbelehrbarer CaptainAls Captain Eamon Mac Guaire zuf\u00e4llig der jungen Abbeygail Steel begegnet, f\u00fchlt er sich um Jahre zur\u00fcckversetzt. Denn sie erinnert ihn schmerzlich an seine gro\u00dfe Liebe, die er nie vergessen hat. Er h\u00e4lt um die Hand der jungen Frau an und sie willigt ein, da er ein verm\u00f6gender Mann ist und verspricht, all ihre W\u00fcnsche zu erf\u00fcllen. Drei Bedingungen sind an diese Eheschlie\u00dfung gekn\u00fcpft, die Abbey jedoch als nichtig erachtet. Welch hohen Preis sie f\u00fcr ihr Luxusleben an der Seite eines Mannes, der mit seiner Vergangenheit nicht abgeschlossen hat, zahlen muss, erkennt sie erst, als es kein Zur\u00fcck mehr gibt.<\/p>Gepostet von <a href=\"https:\/\/www.facebook.com\/LiebeGeschichten\/\">Junia Swan<\/a> am Donnerstag, 16. Juli 2020<\/blockquote><\/div>\n<\/div><\/figure>\n\n\n\n<figure class=\"wp-block-video\"><video height=\"1080\" style=\"aspect-ratio: 1920 \/ 1080;\" width=\"1920\" autoplay controls loop muted src=\"https:\/\/www.junia-swan.at\/wp-content\/uploads\/2020\/05\/Ein-bisschen-Text-hinzuf\u00fcgen.mp4\"><\/video><\/figure>\n\n\n\n<figure class=\"wp-block-embed-facebook wp-block-embed is-type-video is-provider-facebook\"><div class=\"wp-block-embed__wrapper\">\n<div id=\"fb-root\"><\/div><script async=\"1\" defer=\"1\" crossorigin=\"anonymous\" src=\"https:\/\/connect.facebook.net\/de_DE\/sdk.js#xfbml=1&amp;version=v7.0\" nonce=\"D76Uf2O4\"><\/script><div class=\"fb-video\" data-href=\"https:\/\/www.facebook.com\/LiebeGeschichten\/videos\/1305961652947627\/\" data-width=\"790\"><blockquote cite=\"https:\/\/www.facebook.com\/LiebeGeschichten\/videos\/1305961652947627\/\" class=\"fb-xfbml-parse-ignore\"><a href=\"https:\/\/www.facebook.com\/LiebeGeschichten\/videos\/1305961652947627\/\"><\/a><p>Rana setzt ihr Leben aufs Spiel, als sie verbotener Weise einem verletzten Mann hilft und ihn f\u00fcr eine Nacht in ihrem bescheidenen Zimmer beherbergt. Sie ahnt nicht, dass es sich dabei um Prinz Aren von Paishalom handelt. Der zeigt sich alsbald f\u00fcr ihre Hilfe erkenntlich und gestattet ihr, in Zukunft auf dem Landsitz des K\u00f6nigs zu wohnen. Kaum hat sie sich eingelebt, bittet man sie, dem Prinzen zu helfen. Sie soll zum Schein f\u00fcr einige Monate seine Frau werden. Nicht ahnend, im Palast in das Zentrum einer t\u00f6dlichen Intrige zu geraten, stimmt sie zu und begegnet einem Mann, der ihr Herz verzaubert. Doch mit ihm darf es keine gemeinsame Zukunft geben.Der Prinz und das M\u00e4dchen &#8211; Coming soon &#8230;<\/p>Gepostet von <a href=\"https:\/\/www.facebook.com\/LiebeGeschichten\/\">Junia Swan<\/a> am Montag, 4. Mai 2020<\/blockquote><\/div>\n<\/div><\/figure>\n\n\n\n<figure class=\"wp-block-embed-facebook wp-block-embed is-type-video is-provider-facebook\"><div class=\"wp-block-embed__wrapper\">\n<div id=\"fb-root\"><\/div><script async=\"1\" defer=\"1\" crossorigin=\"anonymous\" src=\"https:\/\/connect.facebook.net\/de_DE\/sdk.js#xfbml=1&amp;version=v7.0\" nonce=\"vM5y9MAC\"><\/script><div class=\"fb-video\" data-href=\"https:\/\/www.facebook.com\/LiebeGeschichten\/videos\/632393940676382\/\" data-width=\"790\"><blockquote cite=\"https:\/\/www.facebook.com\/LiebeGeschichten\/videos\/632393940676382\/\" class=\"fb-xfbml-parse-ignore\"><a href=\"https:\/\/www.facebook.com\/LiebeGeschichten\/videos\/632393940676382\/\">&quot;Das Herz der Eisprinzessin&quot; kostenlos auf Amazon &#8230;<\/a><p>E-Book: &quot;Das Herz der Eisprinzessin&quot; von 30.04. &#8211; 02.05.20 kostenlos auf Amazon! Inhalt:Es gibt keine Zuflucht f\u00fcr Prinzessin Rosalinde, die aufgrund ihres rebellischen Wesens den h\u00e4rtesten Strafen ausgesetzt wird. Nicht einmal der m\u00e4chtige Ritter, der sie vor ihren Peinigern gerettet hat, nimmt sie mit sich und bewahrt sie vor weiterem Unheil. Alleingelassen in ihrem Schmerz, verschlie\u00dft Rosalinde ihr Herz und untersagt sich jegliche menschliche Regung. Bald gilt sie weithin als kalt und unberechenbar, weshalb man sie nur mehr \u201eEisprinzessin\u201c nennt. Mit ihrem Ruf kann Rosalinde gut leben, und es vergeht kein Tag, an dem sie ihn nicht untermauern w\u00fcrde. Doch pl\u00f6tzlich h\u00e4lt der Burgherr von Wolfsberg um ihre Hand an, und ihr Vater stimmt bereitwillig einer Fernhochzeit zu. Rosalinde ist sicher, auch diesen Mann problemlos mit ihren Launen beherrschen zu k\u00f6nnen. Wie sehr sie sich geirrt hat, muss sie erkennen, als sie dem beeindruckenden Ritter das erste Mal in die Augen sieht. Er fordert ihren absoluten Gehorsam, und sie ahnt instinktiv, dass er vor keinem Mittel zur\u00fcckschrecken wird, um ihn zu bekommen.https:\/\/www.amazon.de\/gp\/product\/B07D1QL3FM\/ref=dbs_a_def_rwt_bibl_vppi_i0<\/p>Gepostet von <a href=\"https:\/\/www.facebook.com\/LiebeGeschichten\/\">Junia Swan<\/a> am Mittwoch, 29. April 2020<\/blockquote><\/div>\n<\/div><\/figure>\n\n\n\n<figure class=\"wp-block-embed-facebook wp-block-embed is-type-video is-provider-facebook\"><div class=\"wp-block-embed__wrapper\">\n<div id=\"fb-root\"><\/div><script async=\"1\" defer=\"1\" crossorigin=\"anonymous\" src=\"https:\/\/connect.facebook.net\/de_DE\/sdk.js#xfbml=1&amp;version=v7.0\" nonce=\"4XOSPlae\"><\/script><div class=\"fb-video\" data-href=\"https:\/\/www.facebook.com\/LiebeGeschichten\/videos\/832732010577020\/\" data-width=\"790\"><blockquote cite=\"https:\/\/www.facebook.com\/LiebeGeschichten\/videos\/832732010577020\/\" class=\"fb-xfbml-parse-ignore\"><a href=\"https:\/\/www.facebook.com\/LiebeGeschichten\/videos\/832732010577020\/\"><\/a><p><\/p>Gepostet von <a href=\"https:\/\/www.facebook.com\/LiebeGeschichten\/\">Junia Swan<\/a> am Samstag, 22. Februar 2020<\/blockquote><\/div>\n<\/div><\/figure>\n\n\n\n<figure class=\"wp-block-embed-facebook wp-block-embed is-type-video is-provider-facebook\"><div class=\"wp-block-embed__wrapper\">\n<div id=\"fb-root\"><\/div><script async=\"1\" defer=\"1\" crossorigin=\"anonymous\" src=\"https:\/\/connect.facebook.net\/de_DE\/sdk.js#xfbml=1&amp;version=v7.0\" nonce=\"IjBwWJh7\"><\/script><div class=\"fb-video\" data-href=\"https:\/\/www.facebook.com\/LiebeGeschichten\/videos\/659032498200073\/?eid=ARAmNH93icjzwiWWK0yWy0-4dULKzzmG-e0i5IBptCyWvYKUKJsYfXduJHHl-lo74i7Oj-uRYhP8YiXE\" data-width=\"790\"><blockquote cite=\"https:\/\/www.facebook.com\/LiebeGeschichten\/videos\/659032498200073\/\" class=\"fb-xfbml-parse-ignore\"><a href=\"https:\/\/www.facebook.com\/LiebeGeschichten\/videos\/659032498200073\/\"><\/a><p>Und hier ist es, das Cover meines neuen Romans &quot;Vor den Toren Jerusalems&quot;. Wie gef\u00e4llt es euch? Seid gespannt, auch der Klappentext wird bald enth\u00fcllt. \ud83d\ude42<\/p>Gepostet von <a href=\"https:\/\/www.facebook.com\/LiebeGeschichten\/\">Junia Swan<\/a> am Freitag, 6. M\u00e4rz 2020<\/blockquote><\/div>\n<\/div><\/figure>\n\n\n\n<figure class=\"wp-block-embed-facebook wp-block-embed is-type-video is-provider-facebook\"><div class=\"wp-block-embed__wrapper\">\n<div id=\"fb-root\"><\/div><script async=\"1\" defer=\"1\" crossorigin=\"anonymous\" src=\"https:\/\/connect.facebook.net\/de_DE\/sdk.js#xfbml=1&amp;version=v7.0\" nonce=\"weRErY5I\"><\/script><div class=\"fb-video\" data-href=\"https:\/\/www.facebook.com\/LiebeGeschichten\/videos\/412552326112909\/\" data-width=\"790\"><blockquote cite=\"https:\/\/www.facebook.com\/LiebeGeschichten\/videos\/412552326112909\/\" class=\"fb-xfbml-parse-ignore\"><a href=\"https:\/\/www.facebook.com\/LiebeGeschichten\/videos\/412552326112909\/\">Dark Desire &#8211; LUST<\/a><p>Bald ist es so weit f\u00fcr meine Dark-Desire Trilogie. Der erste Teil LUST kann jetzt schon auf Amazon vorbestellt werden.<\/p>Gepostet von <a href=\"https:\/\/www.facebook.com\/LiebeGeschichten\/\">Junia Swan<\/a> am Montag, 7. Oktober 2019<\/blockquote><\/div>\n<\/div><\/figure>\n","protected":false},"excerpt":{"rendered":"","protected":false},"author":1,"featured_media":0,"parent":222,"menu_order":0,"comment_status":"closed","ping_status":"open","template":"","meta":{"footnotes":""},"class_list":["post-2","page","type-page","status-publish","hentry","latest_post"],"_links":{"self":[{"href":"https:\/\/www.junia-swan.at\/index.php?rest_route=\/wp\/v2\/pages\/2","targetHints":{"allow":["GET"]}}],"collection":[{"href":"https:\/\/www.junia-swan.at\/index.php?rest_route=\/wp\/v2\/pages"}],"about":[{"href":"https:\/\/www.junia-swan.at\/index.php?rest_route=\/wp\/v2\/types\/page"}],"author":[{"embeddable":true,"href":"https:\/\/www.junia-swan.at\/index.php?rest_route=\/wp\/v2\/users\/1"}],"replies":[{"embeddable":true,"href":"https:\/\/www.junia-swan.at\/index.php?rest_route=%2Fwp%2Fv2%2Fcomments&post=2"}],"version-history":[{"count":13,"href":"https:\/\/www.junia-swan.at\/index.php?rest_route=\/wp\/v2\/pages\/2\/revisions"}],"predecessor-version":[{"id":1157,"href":"https:\/\/www.junia-swan.at\/index.php?rest_route=\/wp\/v2\/pages\/2\/revisions\/1157"}],"up":[{"embeddable":true,"href":"https:\/\/www.junia-swan.at\/index.php?rest_route=\/wp\/v2\/pages\/222"}],"wp:attachment":[{"href":"https:\/\/www.junia-swan.at\/index.php?rest_route=%2Fwp%2Fv2%2Fmedia&parent=2"}],"curies":[{"name":"wp","href":"https:\/\/api.w.org\/{rel}","templated":true}]}}